{"id":3076,"date":"2020-09-12T20:27:52","date_gmt":"2020-09-12T18:27:52","guid":{"rendered":"https:\/\/www.hotelamerican.it\/newsite\/a-propos\/"},"modified":"2020-09-18T13:24:57","modified_gmt":"2020-09-18T11:24:57","slug":"a-propos","status":"publish","type":"page","link":"https:\/\/www.hotelamerican.it\/fr\/a-propos\/","title":{"rendered":"\u00c0 Propos"},"content":{"rendered":"<p>[vc_section el_class=&#8221;servizi-desktop&#8221;][vc_row full_width=&#8221;stretch_row&#8221; bg_type=&#8221;image&#8221; parallax_style=&#8221;vcpb-vz-jquery&#8221; bg_image_new=&#8221;id^1703|url^https:\/\/www.hotelamerican.it\/wp-content\/uploads\/2020\/07\/AmericanDinesen.Banner.jpg|caption^null|alt^null|title^AmericanDinesen.Banner|description^null&#8221; bg_image_repeat=&#8221;no-repeat&#8221; disable_on_mobile_img_parallax=&#8221;disable_on_mobile_img_parallax_value&#8221; css=&#8221;.vc_custom_1594935809515{padding-top: 40px !important;padding-bottom: 40px !important;}&#8221;][vc_column][vc_empty_space height=&#8221;700px&#8221; el_class=&#8221;show-must-go-on&#8221;][\/vc_column][\/vc_row][\/vc_section][vc_section el_class=&#8221;servizi-mobile&#8221;][vc_row full_width=&#8221;stretch_row&#8221; bg_type=&#8221;image&#8221; parallax_style=&#8221;vcpb-vz-jquery&#8221; bg_image_new=&#8221;id^2365|url^https:\/\/www.hotelamerican.it\/wp-content\/uploads\/2020\/08\/2.jpg|caption^null|alt^null|title^2|description^null&#8221; bg_image_repeat=&#8221;no-repeat&#8221; disable_on_mobile_img_parallax=&#8221;disable_on_mobile_img_parallax_value&#8221; css=&#8221;.vc_custom_1598571201975{padding-top: 40px !important;padding-bottom: 40px !important;}&#8221;][vc_column][vc_empty_space height=&#8221;600px&#8221; el_class=&#8221;show-must-go-on&#8221;][\/vc_column][\/vc_row][\/vc_section][vc_row css=&#8221;.vc_custom_1594935818484{padding-top: 20px !important;padding-bottom: 40px !important;}&#8221;][vc_column width=&#8221;1\/6&#8243;][\/vc_column][vc_column width=&#8221;2\/3&#8243;][vc_column_text]<\/p>\n<h3 style=\"text-align: center;\">LOIN DE LA FOULE, DANS LE QUARTIER ARTISTIQUE DE DORSODURO &#8211; LE PLUS AUTHENTIQUE ET LUMINEUX AU CENTRE DE VENISE &#8211; SE TROUVE NOTRE AMERICAN DINESEN, UN H\u00d4TEL RAFFIN\u00c9 ET ACCUEILLANT O\u00d9 SE SENTIR \u00c0 L\u2019AISE.<\/h3>\n<p>[\/vc_column_text][vc_column_text]<\/p>\n<p style=\"text-align: center;\">Tradition, design et \u00e9l\u00e9gance : notre longue exp\u00e9rience dans le monde de l\u2019hospitalit\u00e9 \u00e0 la v\u00e9nitienne est bas\u00e9e sur ces trois principes.<br \/>\nC\u2019est pourquoi l\u2019American Dinesen sait aller au del\u00e0 du simple concept d&#8217;h\u00f4tel, mettant ses clients avant tout le reste et transmettant notre grande passion pour l\u2019hospitalit\u00e9 de haut niveau, ce qui a toujours caract\u00e9ris\u00e9 l\u2019approche de la famille Sutera, propri\u00e9taire de la structure depuis plusieurs g\u00e9n\u00e9rations.<\/p>\n<p>[\/vc_column_text][\/vc_column][vc_column width=&#8221;1\/6&#8243;][\/vc_column][\/vc_row][vc_row full_width=&#8221;stretch_row&#8221; bg_type=&#8221;bg_color&#8221; css=&#8221;.vc_custom_1594936014312{padding-top: 40px !important;padding-bottom: 40px !important;background-position: center !important;background-repeat: no-repeat !important;background-size: cover !important;}&#8221; bg_color_value=&#8221;#f3eee7&#8243;][vc_column][vc_column_text]<\/p>\n<h2 style=\"text-align: center;\">DEPUIS LES ANN\u00c9ES 1930<\/h2>\n<p>[\/vc_column_text][vc_single_image image=&#8221;1718&#8243; img_size=&#8221;full&#8221; alignment=&#8221;center&#8221; lazy_loading=&#8221;true&#8221;][vc_row_inner][vc_column_inner width=&#8221;1\/6&#8243;][\/vc_column_inner][vc_column_inner width=&#8221;2\/3&#8243;][vc_column_text]<\/p>\n<p style=\"text-align: center;\">\u2019American Dinesen raconte une histoire de presque un si\u00e8cle, une histoire faite de passion et d\u00e9vouement pour l\u2019art de l\u2019hospitalit\u00e9. Une suite d\u2019\u00e9v\u00e9nements et de transformations qui commence dans les ann\u00e9es 1930 et arrive jusqu\u2019\u00e0 nos jours, faisant de notre h\u00f4tel un lieu unique et innovant sur la sc\u00e8ne v\u00e9nitienne actuelle.<\/p>\n<p>[\/vc_column_text][\/vc_column_inner][vc_column_inner width=&#8221;1\/6&#8243;][\/vc_column_inner][\/vc_row_inner][vc_raw_html]JTNDZGl2JTIwaWQlM0QlMjJtYXJjaGlvLWFib3V0JTIyJTIwc3R5bGUlM0QlMjJwb3NpdGlvbiUzQWFic29sdXRlJTNCJTIwYmFja2dyb3VuZCUzQSUyMHVybCUyOCUyN2h0dHBzJTNBJTJGJTJGd3d3LmhvdGVsYW1lcmljYW4uaXQlMkZ3cC1jb250ZW50JTJGdXBsb2FkcyUyRjIwMjAlMkYwOCUyRm1hcmNoaW9fdGFnbGlhdG8ucG5nJTI3JTI5JTIwbm8tcmVwZWF0JTNCJTIwd2lkdGglM0ElMjAyMDBweCUzQiUyMGhlaWdodCUzQSUyMDIwMHB4JTNCJTIwei1pbmRleCUzQTIwMDAlM0IlMjByaWdodCUzQSUyMDk2cHglM0IlMjB0b3AlM0EwcHglM0IlMjIlM0UlQzIlQTAlM0MlMkZkaXYlM0U=[\/vc_raw_html][\/vc_column][\/vc_row][vc_row full_width=&#8221;stretch_row&#8221; css=&#8221;.vc_custom_1594936125933{padding-top: 40px !important;padding-bottom: 40px !important;background-position: center !important;background-repeat: no-repeat !important;background-size: cover !important;}&#8221;][vc_column][vc_column_text]<\/p>\n<h2 style=\"text-align: center;\">AU C\u0152UR DE LA VILLE, ENTRE ART ET HISTOIRE<\/h2>\n<p>[\/vc_column_text][vc_single_image image=&#8221;1726&#8243; img_size=&#8221;1100&#215;580&#8243; alignment=&#8221;center&#8221; lazy_loading=&#8221;true&#8221;][vc_row_inner][vc_column_inner width=&#8221;1\/6&#8243;][\/vc_column_inner][vc_column_inner width=&#8221;2\/3&#8243;][vc_column_text]<\/p>\n<p style=\"text-align: center;\">Notre h\u00f4tel vous surprendra par son emplacement exclusif dans le magnifique quartier de Dorsoduro, loin des flux touristiques les plus intenses mais tr\u00e8s pratique pour ceux qui souhaitent visiter les lieux les plus connus de Venise, notamment tout ce qui est art contemporain.<br \/>\nEn effet, l\u2019American Dinesen se situe entre les Galeries de l\u2019Acad\u00e9mie des Beaux Arts et la Collection Peggy Guggenheim, \u00e0 quelques pas seulement du Grand Canal et \u00e0 quelques minutes \u00e0 pieds des principales attractions de la ville, telles la Place Saint-Marc, le Pont de Rialto, Ca\u2019 Rezzonico, Palazzo Grassi et Punta della Dogana.<\/p>\n<p>[\/vc_column_text][\/vc_column_inner][vc_column_inner width=&#8221;1\/6&#8243;][\/vc_column_inner][\/vc_row_inner][vc_empty_space]<style type=\"text\/css\" data-type=\"the7_shortcodes-inline-css\">#default-btn-7889e3c14c9ba968d6080f9154e8e754.ico-right-side > i {\n  margin-right: 0px;\n  margin-left: 8px;\n}\n#default-btn-7889e3c14c9ba968d6080f9154e8e754 > i {\n  margin-right: 8px;\n}\n#default-btn-7889e3c14c9ba968d6080f9154e8e754 * {\n  vertical-align: middle;\n}\n<\/style><div class=\"btn-align-center\"><a href=\"https:\/\/www.hotelamerican.it\/fr\/contacts\/\" class=\"default-btn-shortcode dt-btn dt-btn-m link-hover-off \" id=\"default-btn-7889e3c14c9ba968d6080f9154e8e754\" title=\"Contatti\"><span>COMMENT NOUS JOINDRE<\/span><\/a><\/div>[\/vc_column][\/vc_row][vc_row full_width=&#8221;stretch_row&#8221; css=&#8221;.vc_custom_1598571319488{border-top-width: 1px !important;padding-top: 40px !important;padding-bottom: 40px !important;border-top-color: #002931 !important;border-top-style: solid !important;}&#8221; el_class=&#8221;red-xiii&#8221;][vc_column][vc_column_text]<\/p>\n<h2 style=\"text-align: center;\">VOS AVIS<\/h2>\n<p>[\/vc_column_text][vc_row_inner][vc_column_inner width=&#8221;1\/2&#8243;][vc_single_image image=&#8221;1734&#8243; img_size=&#8221;large&#8221; alignment=&#8221;center&#8221; lazy_loading=&#8221;true&#8221;][vc_column_text]<\/p>\n<h5>PEINT PAR GINDA SIMPSON, NOTRE CLIENT\u00c8LE \u200b\u200bAFFECT\u00c9E<\/h5>\n<p>[\/vc_column_text][\/vc_column_inner][vc_column_inner width=&#8221;1\/2&#8243;][vc_column_text]Nous prenons soin de nos visiteurs du d\u00e9but \u00e0 la fin de leur s\u00e9jour, voil\u00e0 pourquoi la plupart d\u2019entre eux continuent de nous choisir au fil des ann\u00e9es.<br \/>\nNous attachons la plus grande attention aux d\u00e9tails, mais ce qui fait la diff\u00e9rence c\u2019est notre volont\u00e9 de satisfaire vos d\u00e9sirs et de rendre votre s\u00e9jour inoubliable.<\/p>\n<p>Gr\u00e2ce aux avis de nos clients nous avons \u00e9t\u00e9 class\u00e9s parmi les meilleures structures de Venise. Nous sommes fiers de partager ces avis avec vous![\/vc_column_text][vc_empty_space][vc_column_text]\n\t\t\t\t<p><span style=\"font-family:'SackersGothicStd-Medium', sans-serif;\">5609<\/span>&nbsp;&nbsp;Avis<\/p>\n\t\t<p><span style=\"font-family:'SackersGothicStd-Medium', sans-serif;\">9,3\/10<\/span>&nbsp;&nbsp;Evaluation moyenne<\/p>\n\t\n\t\n\t[\/vc_column_text][vc_empty_space]<style type=\"text\/css\" data-type=\"the7_shortcodes-inline-css\">#default-btn-3d71b61b9d42d85b987a22511d4a4c71.ico-right-side > i {\n  margin-right: 0px;\n  margin-left: 8px;\n}\n#default-btn-3d71b61b9d42d85b987a22511d4a4c71 > i {\n  margin-right: 8px;\n}\n#default-btn-3d71b61b9d42d85b987a22511d4a4c71 * {\n  vertical-align: middle;\n}\n<\/style><div class=\"btn-align-left\"><a href=\"https:\/\/www.hotelamerican.it\/fr\/vos-avis\/\" class=\"default-btn-shortcode dt-btn dt-btn-m link-hover-off \" id=\"default-btn-3d71b61b9d42d85b987a22511d4a4c71\" title=\"Recensioni\"><span>DERNIERS AVIS<\/span><\/a><\/div>[\/vc_column_inner][\/vc_row_inner][\/vc_column][\/vc_row][vc_row full_width=&#8221;stretch_row&#8221; css=&#8221;.vc_custom_1594734549524{padding-top: 40px !important;padding-bottom: 40px !important;background-color: #879c95 !important;}&#8221;][vc_column][vc_widget_sidebar show_bg=&#8221;false&#8221; sidebar_id=&#8221;sidebar_4&#8243;][\/vc_column][\/vc_row]<\/p>\n","protected":false},"excerpt":{"rendered":"<p>[vc_section el_class=&#8221;servizi-desktop&#8221;][vc_row full_width=&#8221;stretch_row&#8221; bg_type=&#8221;image&#8221; parallax_style=&#8221;vcpb-vz-jquery&#8221; bg_image_new=&#8221;id^1703|url^https:\/\/www.hotelamerican.it\/wp-content\/uploads\/2020\/07\/AmericanDinesen.Banner.jpg|caption^null|alt^null|title^AmericanDinesen.Banner|description^null&#8221; bg_image_repeat=&#8221;no-repeat&#8221; disable_on_mobile_img_parallax=&#8221;disable_on_mobile_img_parallax_value&#8221; css=&#8221;.vc_custom_1594935809515{padding-top: 40px !important;padding-bottom: 40px !important;}&#8221;][vc_column][vc_empty_space height=&#8221;700px&#8221; el_class=&#8221;show-must-go-on&#8221;][\/vc_column][\/vc_row][\/vc_section][vc_section el_class=&#8221;servizi-mobile&#8221;][vc_row full_width=&#8221;stretch_row&#8221; bg_type=&#8221;image&#8221; parallax_style=&#8221;vcpb-vz-jquery&#8221; bg_image_new=&#8221;id^2365|url^https:\/\/www.hotelamerican.it\/wp-content\/uploads\/2020\/08\/2.jpg|caption^null|alt^null|title^2|description^null&#8221; bg_image_repeat=&#8221;no-repeat&#8221; disable_on_mobile_img_parallax=&#8221;disable_on_mobile_img_parallax_value&#8221; css=&#8221;.vc_custom_1598571201975{padding-top: 40px !important;padding-bottom: 40px !important;}&#8221;][vc_column][vc_empty_space height=&#8221;600px&#8221; el_class=&#8221;show-must-go-on&#8221;][\/vc_column][\/vc_row][\/vc_section][vc_row css=&#8221;.vc_custom_1594935818484{padding-top: 20px !important;padding-bottom: 40px !important;}&#8221;][vc_column width=&#8221;1\/6&#8243;][\/vc_column][vc_column width=&#8221;2\/3&#8243;][vc_column_text] LOIN DE LA FOULE, DANS LE QUARTIER ARTISTIQUE DE DORSODURO &#8211; LE PLUS AUTHENTIQUE ET LUMINEUX AU CENTRE DE&hellip;<\/p>\n","protected":false},"author":1,"featured_media":0,"parent":0,"menu_order":0,"comment_status":"closed","ping_status":"closed","template":"","meta":[],"class_list":["post-3076","page","type-page","status-publish","hentry","description-off"],"aioseo_notices":[],"_links":{"self":[{"href":"https:\/\/www.hotelamerican.it\/fr\/wp-json\/wp\/v2\/pages\/3076","targetHints":{"allow":["GET"]}}],"collection":[{"href":"https:\/\/www.hotelamerican.it\/fr\/wp-json\/wp\/v2\/pages"}],"about":[{"href":"https:\/\/www.hotelamerican.it\/fr\/wp-json\/wp\/v2\/types\/page"}],"author":[{"embeddable":true,"href":"https:\/\/www.hotelamerican.it\/fr\/wp-json\/wp\/v2\/users\/1"}],"replies":[{"embeddable":true,"href":"https:\/\/www.hotelamerican.it\/fr\/wp-json\/wp\/v2\/comments?post=3076"}],"version-history":[{"count":4,"href":"https:\/\/www.hotelamerican.it\/fr\/wp-json\/wp\/v2\/pages\/3076\/revisions"}],"predecessor-version":[{"id":3266,"href":"https:\/\/www.hotelamerican.it\/fr\/wp-json\/wp\/v2\/pages\/3076\/revisions\/3266"}],"wp:attachment":[{"href":"https:\/\/www.hotelamerican.it\/fr\/wp-json\/wp\/v2\/media?parent=3076"}],"curies":[{"name":"wp","href":"https:\/\/api.w.org\/{rel}","templated":true}]}}