{"id":3348,"date":"2020-09-19T15:19:14","date_gmt":"2020-09-19T13:19:14","guid":{"rendered":"https:\/\/www.hotelamerican.it\/serviceleistungen\/"},"modified":"2020-09-19T15:36:37","modified_gmt":"2020-09-19T13:36:37","slug":"serviceleistungen","status":"publish","type":"page","link":"https:\/\/www.hotelamerican.it\/de\/serviceleistungen\/","title":{"rendered":"Serviceleistungen"},"content":{"rendered":"<p>[vc_row css=&#8221;.vc_custom_1594935818484{padding-top: 20px !important;padding-bottom: 40px !important;}&#8221;][vc_column width=&#8221;1\/6&#8243;][\/vc_column][vc_column width=&#8221;2\/3&#8243;][vc_column_text]<\/p>\n<h2 style=\"text-align: center;\">SEIT JEHER BEWAHREN WIR DIE HOHE QUALIT\u00e4T UNSERER SERVICELEISTUNGEN UM IHNEN EINEN UNVERGESSLICHEN AUFENTHALT ZU ERM\u00f6GLICHEN<\/h2>\n<p>[\/vc_column_text][\/vc_column][vc_column width=&#8221;1\/6&#8243;][\/vc_column][\/vc_row][vc_row full_width=&#8221;stretch_row&#8221; bg_type=&#8221;bg_color&#8221; css=&#8221;.vc_custom_1596460407296{padding-top: 40px !important;padding-bottom: 80px !important;background-position: center !important;background-repeat: no-repeat !important;background-size: cover !important;}&#8221; bg_color_value=&#8221;#e7ebea&#8221;][vc_column width=&#8221;1\/6&#8243;][\/vc_column][vc_column width=&#8221;2\/3&#8243;][vc_column_text]<\/p>\n<h2 style=\"text-align: center;\">DIE SICHERHEIT<br \/>\nAUF DEM ERSTEN PLATZ<\/h2>\n<p>[\/vc_column_text]<style type=\"text\/css\" data-type=\"the7_shortcodes-inline-css\">.gallery-carousel-shortcode.gallery-carousel-shortcode-id-f3e3277d1fe5482e1da77de146dfdf11 .owl-nav a {\n  width: 45px;\n  height: 45px;\n  border-radius: 500px;\n}\n.dt-arrow-border-on.gallery-carousel-shortcode.gallery-carousel-shortcode-id-f3e3277d1fe5482e1da77de146dfdf11 .owl-nav a:not(:hover):before {\n  border-width: 0px;\n}\n.dt-arrow-hover-border-on.gallery-carousel-shortcode.gallery-carousel-shortcode-id-f3e3277d1fe5482e1da77de146dfdf11 .owl-nav a:hover:after {\n  border-width: 0px;\n}\n.gallery-carousel-shortcode.gallery-carousel-shortcode-id-f3e3277d1fe5482e1da77de146dfdf11 .owl-nav a.owl-prev {\n  top: 50%;\n  transform: translateY(calc(-50% + 0px));\n  left: -80px;\n}\n@media all and (-ms-high-contrast: none) {\n  .gallery-carousel-shortcode.gallery-carousel-shortcode-id-f3e3277d1fe5482e1da77de146dfdf11 .owl-nav a.owl-prev {\n    transform: translateY(-50%);\n    margin-top: 0px;\n  }\n}\n.gallery-carousel-shortcode.gallery-carousel-shortcode-id-f3e3277d1fe5482e1da77de146dfdf11 .owl-nav a.owl-prev i {\n  padding: 0px 0px 0px 0px;\n}\n.gallery-carousel-shortcode.gallery-carousel-shortcode-id-f3e3277d1fe5482e1da77de146dfdf11 .owl-nav a.owl-next {\n  top: 50%;\n  transform: translateY(calc(-50% + 0px));\n  right: -80px;\n}\n@media all and (-ms-high-contrast: none) {\n  .gallery-carousel-shortcode.gallery-carousel-shortcode-id-f3e3277d1fe5482e1da77de146dfdf11 .owl-nav a.owl-next {\n    transform: translateY(-50%);\n    margin-top: 0px;\n  }\n}\n.gallery-carousel-shortcode.gallery-carousel-shortcode-id-f3e3277d1fe5482e1da77de146dfdf11 .owl-nav a.owl-next i {\n  padding: 0px 0px 0px 0px;\n}\n.gallery-carousel-shortcode.gallery-carousel-shortcode-id-f3e3277d1fe5482e1da77de146dfdf11 .owl-nav i {\n  font-size: 40px;\n}\n.gallery-carousel-shortcode.gallery-carousel-shortcode-id-f3e3277d1fe5482e1da77de146dfdf11 .owl-nav a:not(:hover) i,\n.gallery-carousel-shortcode.gallery-carousel-shortcode-id-f3e3277d1fe5482e1da77de146dfdf11 .owl-nav a:not(:hover) i:before {\n  color: #002931;\n  background: none;\n}\n.gallery-carousel-shortcode.gallery-carousel-shortcode-id-f3e3277d1fe5482e1da77de146dfdf11 .owl-nav a:hover i,\n.gallery-carousel-shortcode.gallery-carousel-shortcode-id-f3e3277d1fe5482e1da77de146dfdf11 .owl-nav a:hover i:before {\n  color: #002931;\n  background: none;\n}\n.gallery-carousel-shortcode.gallery-carousel-shortcode-id-f3e3277d1fe5482e1da77de146dfdf11 .owl-dots {\n  top: calc(100% + 20px);\n  left: 50%;\n  transform: translateX(calc(-50% + 0px));\n}\n@media all and (-ms-high-contrast: none) {\n  .gallery-carousel-shortcode.gallery-carousel-shortcode-id-f3e3277d1fe5482e1da77de146dfdf11 .owl-dots {\n    transform: translateX(-50%);\n    margin-left: 0px;\n  }\n}\n.gallery-carousel-shortcode.gallery-carousel-shortcode-id-f3e3277d1fe5482e1da77de146dfdf11 .owl-dot {\n  width: 10px;\n  height: 10px;\n  margin: 0 8px;\n}\n@media screen and (max-width: 778px) {\n  .gallery-carousel-shortcode.gallery-carousel-shortcode-id-f3e3277d1fe5482e1da77de146dfdf11.hide-arrows .owl-nav a {\n    display: none;\n  }\n}\n@media screen and (max-width: 778px) {\n  .gallery-carousel-shortcode.gallery-carousel-shortcode-id-f3e3277d1fe5482e1da77de146dfdf11.reposition-arrows .owl-nav .owl-prev {\n    top: 50%;\n    transform: translateY(calc(-50% + 0px));\n    left: 10px;\n  }\n  .gallery-carousel-shortcode.gallery-carousel-shortcode-id-f3e3277d1fe5482e1da77de146dfdf11.reposition-arrows .owl-nav .owl-next {\n    top: 50%;\n    transform: translateY(calc(-50% + 0px));\n    right: 10px;\n  }\n}\n@media screen and (max-width: 778px) and all and (-ms-high-contrast: none) {\n  .gallery-carousel-shortcode.gallery-carousel-shortcode-id-f3e3277d1fe5482e1da77de146dfdf11.reposition-arrows .owl-nav .owl-prev {\n    transform: translateY(-50%);\n    margin-top: 0px;\n  }\n}\n@media screen and (max-width: 778px) and all and (-ms-high-contrast: none) {\n  .gallery-carousel-shortcode.gallery-carousel-shortcode-id-f3e3277d1fe5482e1da77de146dfdf11.reposition-arrows .owl-nav .owl-next {\n    transform: translateY(-50%);\n    margin-top: 0px;\n  }\n}\n.gallery-carousel-shortcode.gallery-carousel-shortcode-id-f3e3277d1fe5482e1da77de146dfdf11 figure,\n.gallery-carousel-shortcode.gallery-carousel-shortcode-id-f3e3277d1fe5482e1da77de146dfdf11 .rollover,\n.gallery-carousel-shortcode.gallery-carousel-shortcode-id-f3e3277d1fe5482e1da77de146dfdf11 img,\n.gallery-carousel-shortcode.gallery-carousel-shortcode-id-f3e3277d1fe5482e1da77de146dfdf11 .gallery-rollover {\n  border-radius: 0px;\n}\n.gallery-carousel-shortcode.gallery-carousel-shortcode-id-f3e3277d1fe5482e1da77de146dfdf11.enable-bg-rollover .gallery-rollover {\n  background: ;\n  background: -webkit-linear-gradient();\n  background: linear-gradient();\n}\n.gallery-carousel-shortcode.gallery-carousel-shortcode-id-f3e3277d1fe5482e1da77de146dfdf11.enable-img-shadow figure {\n  box-shadow: ;\n}\n.gallery-carousel-shortcode.gallery-carousel-shortcode-id-f3e3277d1fe5482e1da77de146dfdf11.enable-img-shadow .owl-stage-outer {\n  padding: 14px 0;\n}\n.gallery-carousel-shortcode.gallery-carousel-shortcode-id-f3e3277d1fe5482e1da77de146dfdf11.enable-bg-rollover.hover-scale figure .rollover:after {\n  background: ;\n  background: -webkit-linear-gradient();\n  background: linear-gradient();\n}\n.gallery-carousel-shortcode.gallery-carousel-shortcode-id-f3e3277d1fe5482e1da77de146dfdf11.gallery-shortcode .gallery-zoom-ico {\n  width: 44px;\n  height: 44px;\n  line-height: 44px;\n  border-radius: 100px;\n  margin: -22px 0 0 -22px;\n  border-width: 0px;\n}\n.dt-icon-bg-on.gallery-carousel-shortcode.gallery-carousel-shortcode-id-f3e3277d1fe5482e1da77de146dfdf11.gallery-shortcode .gallery-zoom-ico {\n  background: rgba(255,255,255,0.3);\n  box-shadow: none;\n}\n.gallery-carousel-shortcode.gallery-carousel-shortcode-id-f3e3277d1fe5482e1da77de146dfdf11.gallery-shortcode .gallery-zoom-ico:before,\n.gallery-carousel-shortcode.gallery-carousel-shortcode-id-f3e3277d1fe5482e1da77de146dfdf11.gallery-shortcode .gallery-zoom-ico span {\n  font-size: 32px;\n  line-height: 44px;\n  color: #ffffff;\n  background: none;\n}\n<\/style><div class=\"owl-carousel gallery-carousel-shortcode gallery-shortcode  dt-gallery-container dt-owl-carousel-call gallery-carousel-shortcode-id-f3e3277d1fe5482e1da77de146dfdf11 meta-info-off bullets-small-dot-stroke reposition-arrows dt-icon-bg-off arrows-bg-off disable-arrows-hover-bg arrows-hover-bg-off  hover-fade perks-servizi\" data-scroll-mode=\"1\" data-col-num=\"3\" data-wide-col-num=\"3\" data-laptop-col=\"3\" data-h-tablet-columns-num=\"3\" data-v-tablet-columns-num=\"1\" data-phone-columns-num=\"1\" data-col-gap=\"10\" data-stage-padding=\"0\" data-speed=\"600\" data-autoplay=\"true\" data-autoplay_speed=\"6000\" data-arrows=\"true\" data-bullet=\"true\" data-next-icon=\"icon-ar-021-r\" data-prev-icon=\"icon-ar-021-l\" data-img-shadow-size=\"12px\" data-img-shadow-spread=\"3px\"><div data-post-id=\"3426\" data-date=\"2020-09-19T15:36:15+02:00\" data-name=\"American.Social.Post.1.0\"><figure class=\"post\"><a href=\"https:\/\/www.hotelamerican.it\/wp-content\/uploads\/2020\/09\/American.Social.Post_.1.0-1-scaled.jpg\" class=\"rollover dt-pswp-item layzr-bg\" data-large_image_width=\"2560\" data-large_image_height=\"2560\" data-dt-img-description=\"\" title=\"American.Social.Post.1.0\"><img loading=\"lazy\" decoding=\"async\" class=\"preload-me owl-lazy-load\" src=\"data:image\/svg+xml,%3Csvg%20xmlns%3D&#39;http%3A%2F%2Fwww.w3.org%2F2000%2Fsvg&#39;%20viewBox%3D&#39;0%200%202560%202560&#39;%2F%3E\" data-src=\"https:\/\/www.hotelamerican.it\/wp-content\/uploads\/2020\/09\/American.Social.Post_.1.0-1-scaled.jpg\" data-srcset=\"https:\/\/www.hotelamerican.it\/wp-content\/uploads\/2020\/09\/American.Social.Post_.1.0-1-scaled.jpg 2560w\" alt=\"\" width=\"2560\" height=\"2560\"  \/><span class=\"gallery-rollover\"><\/span><\/a><\/figure><\/div><div data-post-id=\"3430\" data-date=\"2020-09-19T15:36:17+02:00\" data-name=\"American.Social.Post.1.02\"><figure class=\"post\"><a href=\"https:\/\/www.hotelamerican.it\/wp-content\/uploads\/2020\/09\/American.Social.Post_.1.02-2-scaled.jpg\" class=\"rollover dt-pswp-item layzr-bg\" data-large_image_width=\"2560\" data-large_image_height=\"2560\" data-dt-img-description=\"\" title=\"American.Social.Post.1.02\"><img loading=\"lazy\" decoding=\"async\" class=\"preload-me owl-lazy-load\" src=\"data:image\/svg+xml,%3Csvg%20xmlns%3D&#39;http%3A%2F%2Fwww.w3.org%2F2000%2Fsvg&#39;%20viewBox%3D&#39;0%200%202560%202560&#39;%2F%3E\" data-src=\"https:\/\/www.hotelamerican.it\/wp-content\/uploads\/2020\/09\/American.Social.Post_.1.02-2-scaled.jpg\" data-srcset=\"https:\/\/www.hotelamerican.it\/wp-content\/uploads\/2020\/09\/American.Social.Post_.1.02-2-scaled.jpg 2560w\" alt=\"\" width=\"2560\" height=\"2560\"  \/><span class=\"gallery-rollover\"><\/span><\/a><\/figure><\/div><div data-post-id=\"3434\" data-date=\"2020-09-19T15:36:20+02:00\" data-name=\"American.Social.Post.1.03\"><figure class=\"post\"><a href=\"https:\/\/www.hotelamerican.it\/wp-content\/uploads\/2020\/09\/American.Social.Post_.1.03-2-scaled.jpg\" class=\"rollover dt-pswp-item layzr-bg\" data-large_image_width=\"2560\" data-large_image_height=\"2560\" data-dt-img-description=\"\" title=\"American.Social.Post.1.03\"><img loading=\"lazy\" decoding=\"async\" class=\"preload-me owl-lazy-load\" src=\"data:image\/svg+xml,%3Csvg%20xmlns%3D&#39;http%3A%2F%2Fwww.w3.org%2F2000%2Fsvg&#39;%20viewBox%3D&#39;0%200%202560%202560&#39;%2F%3E\" data-src=\"https:\/\/www.hotelamerican.it\/wp-content\/uploads\/2020\/09\/American.Social.Post_.1.03-2-scaled.jpg\" data-srcset=\"https:\/\/www.hotelamerican.it\/wp-content\/uploads\/2020\/09\/American.Social.Post_.1.03-2-scaled.jpg 2560w\" alt=\"\" width=\"2560\" height=\"2560\"  \/><span class=\"gallery-rollover\"><\/span><\/a><\/figure><\/div><div data-post-id=\"3438\" data-date=\"2020-09-19T15:36:23+02:00\" data-name=\"American.Social.Post.1.04\"><figure class=\"post\"><a href=\"https:\/\/www.hotelamerican.it\/wp-content\/uploads\/2020\/09\/American.Social.Post_.1.04-2-scaled.jpg\" class=\"rollover dt-pswp-item layzr-bg\" data-large_image_width=\"2560\" data-large_image_height=\"2560\" data-dt-img-description=\"\" title=\"American.Social.Post.1.04\"><img loading=\"lazy\" decoding=\"async\" class=\"preload-me owl-lazy-load\" src=\"data:image\/svg+xml,%3Csvg%20xmlns%3D&#39;http%3A%2F%2Fwww.w3.org%2F2000%2Fsvg&#39;%20viewBox%3D&#39;0%200%202560%202560&#39;%2F%3E\" data-src=\"https:\/\/www.hotelamerican.it\/wp-content\/uploads\/2020\/09\/American.Social.Post_.1.04-2-scaled.jpg\" data-srcset=\"https:\/\/www.hotelamerican.it\/wp-content\/uploads\/2020\/09\/American.Social.Post_.1.04-2-scaled.jpg 2560w\" alt=\"\" width=\"2560\" height=\"2560\"  \/><span class=\"gallery-rollover\"><\/span><\/a><\/figure><\/div><div data-post-id=\"3442\" data-date=\"2020-09-19T15:36:25+02:00\" data-name=\"American.Social.Post.1.05\"><figure class=\"post\"><a href=\"https:\/\/www.hotelamerican.it\/wp-content\/uploads\/2020\/09\/American.Social.Post_.1.05-2-scaled.jpg\" class=\"rollover dt-pswp-item layzr-bg\" data-large_image_width=\"2560\" data-large_image_height=\"2560\" data-dt-img-description=\"\" title=\"American.Social.Post.1.05\"><img loading=\"lazy\" decoding=\"async\" class=\"preload-me owl-lazy-load\" src=\"data:image\/svg+xml,%3Csvg%20xmlns%3D&#39;http%3A%2F%2Fwww.w3.org%2F2000%2Fsvg&#39;%20viewBox%3D&#39;0%200%202560%202560&#39;%2F%3E\" data-src=\"https:\/\/www.hotelamerican.it\/wp-content\/uploads\/2020\/09\/American.Social.Post_.1.05-2-scaled.jpg\" data-srcset=\"https:\/\/www.hotelamerican.it\/wp-content\/uploads\/2020\/09\/American.Social.Post_.1.05-2-scaled.jpg 2560w\" alt=\"\" width=\"2560\" height=\"2560\"  \/><span class=\"gallery-rollover\"><\/span><\/a><\/figure><\/div><div data-post-id=\"3446\" data-date=\"2020-09-19T15:36:28+02:00\" data-name=\"American.Social.Post.1.06\"><figure class=\"post\"><a href=\"https:\/\/www.hotelamerican.it\/wp-content\/uploads\/2020\/09\/American.Social.Post_.1.06-2-scaled.jpg\" class=\"rollover dt-pswp-item layzr-bg\" data-large_image_width=\"2560\" data-large_image_height=\"2560\" data-dt-img-description=\"\" title=\"American.Social.Post.1.06\"><img loading=\"lazy\" decoding=\"async\" class=\"preload-me owl-lazy-load\" src=\"data:image\/svg+xml,%3Csvg%20xmlns%3D&#39;http%3A%2F%2Fwww.w3.org%2F2000%2Fsvg&#39;%20viewBox%3D&#39;0%200%202560%202560&#39;%2F%3E\" data-src=\"https:\/\/www.hotelamerican.it\/wp-content\/uploads\/2020\/09\/American.Social.Post_.1.06-2-scaled.jpg\" data-srcset=\"https:\/\/www.hotelamerican.it\/wp-content\/uploads\/2020\/09\/American.Social.Post_.1.06-2-scaled.jpg 2560w\" alt=\"\" width=\"2560\" height=\"2560\"  \/><span class=\"gallery-rollover\"><\/span><\/a><\/figure><\/div><\/div>[\/vc_column][vc_column width=&#8221;1\/6&#8243;][\/vc_column][\/vc_row][vc_row css=&#8221;.vc_custom_1594727361957{padding-top: 40px !important;padding-bottom: 40px !important;}&#8221;][vc_column][vc_column_text]<\/p>\n<h2 style=\"text-align: center;\">DIE SERVICELEISTUNGEN DES HOTELS<\/h2>\n<p>[\/vc_column_text][vc_empty_space height=&#8221;20px&#8221;][vc_row_inner][vc_column_inner width=&#8221;1\/6&#8243; offset=&#8221;vc_hidden-xs&#8221;][\/vc_column_inner][vc_column_inner width=&#8221;1\/6&#8243; offset=&#8221;vc_col-xs-6&#8243;][vc_single_image image=&#8221;1802&#8243; img_size=&#8221;65&#215;65&#8243; alignment=&#8221;center&#8221;][vc_column_text]<\/p>\n<p style=\"text-align: center;\">24h Concierge<\/p>\n<p>[\/vc_column_text][\/vc_column_inner][vc_column_inner width=&#8221;1\/6&#8243; offset=&#8221;vc_col-xs-6&#8243;][vc_single_image image=&#8221;1507&#8243; img_size=&#8221;65&#215;65&#8243; alignment=&#8221;center&#8221;][vc_column_text]<\/p>\n<p style=\"text-align: center;\">Free Wifi<\/p>\n<p>[\/vc_column_text][\/vc_column_inner][vc_column_inner width=&#8221;1\/6&#8243; offset=&#8221;vc_col-xs-6&#8243;][vc_single_image image=&#8221;1528&#8243; img_size=&#8221;65&#215;65&#8243; alignment=&#8221;center&#8221;][vc_column_text]<\/p>\n<p style=\"text-align: center;\">Multilingual Staff<\/p>\n<p>[\/vc_column_text][\/vc_column_inner][vc_column_inner width=&#8221;1\/6&#8243; offset=&#8221;vc_col-xs-6&#8243;][vc_single_image image=&#8221;1521&#8243; img_size=&#8221;65&#215;65&#8243; alignment=&#8221;center&#8221;][vc_column_text]<\/p>\n<p style=\"text-align: center;\">Covid-19 Secure<\/p>\n<p>[\/vc_column_text][\/vc_column_inner][vc_column_inner width=&#8221;1\/6&#8243; offset=&#8221;vc_hidden-xs&#8221;][\/vc_column_inner][\/vc_row_inner][\/vc_column][\/vc_row][vc_section el_class=&#8221;servizi-desktop&#8221;][vc_row full_width=&#8221;stretch_row&#8221; css=&#8221;.vc_custom_1594936125933{padding-top: 40px !important;padding-bottom: 40px !important;background-position: center !important;background-repeat: no-repeat !important;background-size: cover !important;}&#8221;][vc_column parallax=&#8221;content-moving&#8221; parallax_image=&#8221;2038&#8243; width=&#8221;2\/3&#8243;][vc_empty_space height=&#8221;370px&#8221;][\/vc_column][vc_column width=&#8221;1\/3&#8243;][vc_column_text]<\/p>\n<h3 style=\"text-align: left;\">DIE TERRASSE<\/h3>\n<p>[\/vc_column_text][vc_column_text]<\/p>\n<p style=\"text-align: left;\">Unsere weitr\u00e4umige Terrasse ist eine wahre Oase der Ruhe.<br \/>\nIm ersten Stockwerk gelegen ist sie der ideale Ort, um einige Zeilen im Reisef\u00fchrer nachzulesen, nach einem Ausflug Energie zu tanken oder sich mit einem Drink oder Cocktail aus unserer Bar zu erfrischen.<br \/>\nSie ist ein ansprechender Ort, um den Geist zu entspannen und die sch\u00f6nsten Stunden des Tages zu genie\u00dfen.<\/p>\n<p>[\/vc_column_text][\/vc_column][\/vc_row][vc_row full_width=&#8221;stretch_row&#8221; css=&#8221;.vc_custom_1594936125933{padding-top: 40px !important;padding-bottom: 40px !important;background-position: center !important;background-repeat: no-repeat !important;background-size: cover !important;}&#8221;][vc_column width=&#8221;1\/3&#8243;][vc_column_text]<\/p>\n<h3 style=\"text-align: left;\">COCKTAIL BAR<\/h3>\n<p>[\/vc_column_text][vc_column_text]<\/p>\n<p style=\"text-align: left;\">Immer ge\u00f6ffnet, um Sie in Ihren Momenten im American Dinesen zu begleiten.<br \/>\nSind Sie unentschieden in der Auswahl des Drinks f\u00fcr Ihren Aperitivo, so lassen Sie sich doch von unserem Barman beraten. Dank unserer breiten Auswahl an Weinen und Spirituosen sind wir in der Lage jedem Wunsch gerecht zu werden.<\/p>\n<p>[\/vc_column_text][\/vc_column][vc_column parallax=&#8221;content-moving&#8221; parallax_image=&#8221;1819&#8243; width=&#8221;2\/3&#8243;][vc_empty_space height=&#8221;370px&#8221;][\/vc_column][\/vc_row][vc_row full_width=&#8221;stretch_row&#8221; css=&#8221;.vc_custom_1594936125933{padding-top: 40px !important;padding-bottom: 40px !important;background-position: center !important;background-repeat: no-repeat !important;background-size: cover !important;}&#8221;][vc_column parallax=&#8221;content-moving&#8221; parallax_image=&#8221;1812&#8243; width=&#8221;2\/3&#8243;][vc_empty_space height=&#8221;370px&#8221;][\/vc_column][vc_column width=&#8221;1\/3&#8243;][vc_column_text]<\/p>\n<h3 style=\"text-align: left;\">BOOTSANLEGER<\/h3>\n<p>[\/vc_column_text][vc_column_text]<\/p>\n<p style=\"text-align: left;\">Unser Hotel ist einfach mit dem Wassertaxi erreichbar, dank unseres Bootsanlegers, der es unseren G\u00e4sten erm\u00f6glicht, direkt vor dem Eingang des American Dinesen anzukommen.<br \/>\nSollten Sie Gep\u00e4ck dabei haben, k\u00fcmmern wir uns selbstverst\u00e4ndlich um die \u00dcberf\u00fchrung dieses vom Taxi zur Rezeption.<br \/>\nUnser Bootsanleger ist nat\u00fcrlich auch ideal f\u00fcr diejenigen, die sich f\u00fcr eine Gondeltour entscheiden.<\/p>\n<p>[\/vc_column_text][\/vc_column][\/vc_row][\/vc_section][vc_section el_class=&#8221;servizi-mobile&#8221;][vc_row full_width=&#8221;stretch_row&#8221; css=&#8221;.vc_custom_1598570962267{padding-top: 40px !important;background-position: center !important;background-repeat: no-repeat !important;background-size: cover !important;}&#8221;][vc_column][vc_column_text]<\/p>\n<h3 style=\"text-align: center;\">DIE TERRASSE<\/h3>\n<p>[\/vc_column_text][vc_single_image image=&#8221;2038&#8243; img_size=&#8221;800&#215;600&#8243; alignment=&#8221;center&#8221;][vc_column_text]<\/p>\n<p style=\"text-align: center;\">Unsere weitr\u00e4umige Terrasse ist eine wahre Oase der Ruhe.<br \/>\nIm ersten Stockwerk gelegen ist sie der ideale Ort, um einige Zeilen im Reisef\u00fchrer nachzulesen, nach einem Ausflug Energie zu tanken oder sich mit einem Drink oder Cocktail aus unserer Bar zu erfrischen.<br \/>\nSie ist ein ansprechender Ort, um den Geist zu entspannen und die sch\u00f6nsten Stunden des Tages zu genie\u00dfen.<\/p>\n<p>[\/vc_column_text][\/vc_column][\/vc_row][vc_row full_width=&#8221;stretch_row&#8221; css=&#8221;.vc_custom_1598570969946{padding-top: 40px !important;background-position: center !important;background-repeat: no-repeat !important;background-size: cover !important;}&#8221;][vc_column][vc_column_text]<\/p>\n<h3 style=\"text-align: center;\">COCKTAIL BAR<\/h3>\n<p>[\/vc_column_text][vc_single_image image=&#8221;1819&#8243; img_size=&#8221;800&#215;600&#8243; alignment=&#8221;center&#8221;][vc_column_text]<\/p>\n<p style=\"text-align: center;\">Immer ge\u00f6ffnet, um Sie in Ihren Momenten im American Dinesen zu begleiten.<br \/>\nSind Sie unentschieden in der Auswahl des Drinks f\u00fcr Ihren Aperitivo, so lassen Sie sich doch von unserem Barman beraten. Dank unserer breiten Auswahl an Weinen und Spirituosen sind wir in der Lage jedem Wunsch gerecht zu werden.<\/p>\n<p>[\/vc_column_text][\/vc_column][\/vc_row][vc_row full_width=&#8221;stretch_row&#8221; css=&#8221;.vc_custom_1598570975472{padding-top: 40px !important;background-position: center !important;background-repeat: no-repeat !important;background-size: cover !important;}&#8221;][vc_column][vc_column_text]<\/p>\n<h3 style=\"text-align: center;\">BOOTSANLEGER<\/h3>\n<p>[\/vc_column_text][vc_single_image image=&#8221;1812&#8243; img_size=&#8221;800&#215;600&#8243; alignment=&#8221;center&#8221;][vc_column_text]<\/p>\n<p style=\"text-align: center;\">Unser Hotel ist einfach mit dem Wassertaxi erreichbar, dank unseres Bootsanlegers, der es unseren G\u00e4sten erm\u00f6glicht, direkt vor dem Eingang des American Dinesen anzukommen.<br \/>\nSollten Sie Gep\u00e4ck dabei haben, k\u00fcmmern wir uns selbstverst\u00e4ndlich um die \u00dcberf\u00fchrung dieses vom Taxi zur Rezeption.<br \/>\nUnser Bootsanleger ist nat\u00fcrlich auch ideal f\u00fcr diejenigen, die sich f\u00fcr eine Gondeltour entscheiden.<\/p>\n<p>[\/vc_column_text][\/vc_column][\/vc_row][\/vc_section][vc_row full_width=&#8221;stretch_row&#8221; bg_type=&#8221;bg_color&#8221; css=&#8221;.vc_custom_1595585580708{padding-top: 40px !important;padding-bottom: 40px !important;background-position: center !important;background-repeat: no-repeat !important;background-size: cover !important;}&#8221; bg_color_value=&#8221;#e7ebea&#8221;][vc_column][vc_column_text]<\/p>\n<h2 style=\"text-align: center;\">CONCIERGE SERVICE<\/h2>\n<p>[\/vc_column_text][vc_single_image image=&#8221;1838&#8243; img_size=&#8221;64&#215;64&#8243; alignment=&#8221;center&#8221;][vc_column_text]<\/p>\n<p style=\"text-align: center;\">Die Concierge des American Dinesen stehen Ihnen f\u00fcr jegliche Anliegen zur Verf\u00fcgung<\/p>\n<h4 style=\"text-align: center;\">RESERVIERUNG VON TAXI \u2013 STADTF\u00dcHRUNGEN \u2013 RESTAURANTS<\/h4>\n<p>[\/vc_column_text]<style type=\"text\/css\" data-type=\"the7_shortcodes-inline-css\">#default-btn-e11ee06f7c533db370e9f32de2b97e98.ico-right-side > i {\n  margin-right: 0px;\n  margin-left: 8px;\n}\n#default-btn-e11ee06f7c533db370e9f32de2b97e98 > i {\n  margin-right: 8px;\n}\n#default-btn-e11ee06f7c533db370e9f32de2b97e98 * {\n  vertical-align: middle;\n}\n<\/style><div class=\"btn-align-center\"><a href=\"https:\/\/www.hotelamerican.it\/de\/kontakte\/\" class=\"default-btn-shortcode dt-btn dt-btn-m link-hover-off \" id=\"default-btn-e11ee06f7c533db370e9f32de2b97e98\" title=\"Contatti\"><span>KONTAKTIERE UNS<\/span><\/a><\/div>[\/vc_column][\/vc_row][vc_row css=&#8221;.vc_custom_1594727361957{padding-top: 40px !important;padding-bottom: 40px !important;}&#8221;][vc_column][vc_column_text]<\/p>\n<h2 style=\"text-align: center;\">MEETING UND CORPORATE EVENTS<\/h2>\n<p>[\/vc_column_text][vc_empty_space height=&#8221;20px&#8221;][vc_single_image image=&#8221;1847&#8243; img_size=&#8221;full&#8221; alignment=&#8221;center&#8221; image_hovers=&#8221;false&#8221;][vc_column_text]<\/p>\n<p style=\"text-align: center;\">Organisieren Sie Ihre Meetings in der Ruhe eines venezianischen Atriums.<br \/>\nUnsere Dependance mit Atrium ist f\u00fcr Meetings und Corporate Events buchbar.<\/p>\n<p>[\/vc_column_text]<style type=\"text\/css\" data-type=\"the7_shortcodes-inline-css\">#default-btn-5c87ce46b84c25e2879c0319032ba822.ico-right-side > i {\n  margin-right: 0px;\n  margin-left: 8px;\n}\n#default-btn-5c87ce46b84c25e2879c0319032ba822 > i {\n  margin-right: 8px;\n}\n#default-btn-5c87ce46b84c25e2879c0319032ba822 * {\n  vertical-align: middle;\n}\n<\/style><div class=\"btn-align-center\"><a href=\"https:\/\/www.hotelamerican.it\/de\/room\/doppelbett-dependance\/\" class=\"default-btn-shortcode dt-btn dt-btn-m link-hover-off \" id=\"default-btn-5c87ce46b84c25e2879c0319032ba822\" title=\"Doppia Dependance\"><span>SIEHE DEPENDANCE<\/span><\/a><\/div>[\/vc_column][\/vc_row][vc_row full_width=&#8221;stretch_row&#8221; css=&#8221;.vc_custom_1594734549524{padding-top: 40px !important;padding-bottom: 40px !important;background-color: #879c95 !important;}&#8221;][vc_column][vc_widget_sidebar show_bg=&#8221;false&#8221; sidebar_id=&#8221;sidebar_4&#8243;][\/vc_column][\/vc_row]<\/p>\n","protected":false},"excerpt":{"rendered":"<p>[vc_row css=&#8221;.vc_custom_1594935818484{padding-top: 20px !important;padding-bottom: 40px !important;}&#8221;][vc_column width=&#8221;1\/6&#8243;][\/vc_column][vc_column width=&#8221;2\/3&#8243;][vc_column_text] SEIT JEHER BEWAHREN WIR DIE HOHE QUALIT\u00e4T UNSERER SERVICELEISTUNGEN UM IHNEN EINEN UNVERGESSLICHEN AUFENTHALT ZU ERM\u00f6GLICHEN [\/vc_column_text][\/vc_column][vc_column width=&#8221;1\/6&#8243;][\/vc_column][\/vc_row][vc_row full_width=&#8221;stretch_row&#8221; bg_type=&#8221;bg_color&#8221; css=&#8221;.vc_custom_1596460407296{padding-top: 40px !important;padding-bottom: 80px !important;background-position: center !important;background-repeat: no-repeat !important;background-size: cover !important;}&#8221; bg_color_value=&#8221;#e7ebea&#8221;][vc_column width=&#8221;1\/6&#8243;][\/vc_column][vc_column width=&#8221;2\/3&#8243;][vc_column_text] DIE SICHERHEIT AUF DEM ERSTEN PLATZ [\/vc_column_text][\/vc_column][vc_column width=&#8221;1\/6&#8243;][\/vc_column][\/vc_row][vc_row css=&#8221;.vc_custom_1594727361957{padding-top: 40px !important;padding-bottom: 40px !important;}&#8221;][vc_column][vc_column_text]&hellip;<\/p>\n","protected":false},"author":1,"featured_media":0,"parent":0,"menu_order":0,"comment_status":"closed","ping_status":"closed","template":"","meta":[],"class_list":["post-3348","page","type-page","status-publish","hentry","description-off"],"aioseo_notices":[],"_links":{"self":[{"href":"https:\/\/www.hotelamerican.it\/de\/wp-json\/wp\/v2\/pages\/3348","targetHints":{"allow":["GET"]}}],"collection":[{"href":"https:\/\/www.hotelamerican.it\/de\/wp-json\/wp\/v2\/pages"}],"about":[{"href":"https:\/\/www.hotelamerican.it\/de\/wp-json\/wp\/v2\/types\/page"}],"author":[{"embeddable":true,"href":"https:\/\/www.hotelamerican.it\/de\/wp-json\/wp\/v2\/users\/1"}],"replies":[{"embeddable":true,"href":"https:\/\/www.hotelamerican.it\/de\/wp-json\/wp\/v2\/comments?post=3348"}],"version-history":[{"count":4,"href":"https:\/\/www.hotelamerican.it\/de\/wp-json\/wp\/v2\/pages\/3348\/revisions"}],"predecessor-version":[{"id":3450,"href":"https:\/\/www.hotelamerican.it\/de\/wp-json\/wp\/v2\/pages\/3348\/revisions\/3450"}],"wp:attachment":[{"href":"https:\/\/www.hotelamerican.it\/de\/wp-json\/wp\/v2\/media?parent=3348"}],"curies":[{"name":"wp","href":"https:\/\/api.w.org\/{rel}","templated":true}]}}