{"id":3336,"date":"2020-09-19T14:59:15","date_gmt":"2020-09-19T12:59:15","guid":{"rendered":"https:\/\/www.hotelamerican.it\/uber-uns\/"},"modified":"2020-09-19T15:21:29","modified_gmt":"2020-09-19T13:21:29","slug":"uber-uns","status":"publish","type":"page","link":"https:\/\/www.hotelamerican.it\/de\/uber-uns\/","title":{"rendered":"\u00dcber Uns"},"content":{"rendered":"<p>[vc_section el_class=&#8221;servizi-desktop&#8221;][vc_row full_width=&#8221;stretch_row&#8221; bg_type=&#8221;image&#8221; parallax_style=&#8221;vcpb-vz-jquery&#8221; bg_image_new=&#8221;id^1703|url^https:\/\/www.hotelamerican.it\/wp-content\/uploads\/2020\/07\/AmericanDinesen.Banner.jpg|caption^null|alt^null|title^AmericanDinesen.Banner|description^null&#8221; bg_image_repeat=&#8221;no-repeat&#8221; disable_on_mobile_img_parallax=&#8221;disable_on_mobile_img_parallax_value&#8221; css=&#8221;.vc_custom_1594935809515{padding-top: 40px !important;padding-bottom: 40px !important;}&#8221;][vc_column][vc_empty_space height=&#8221;700px&#8221; el_class=&#8221;show-must-go-on&#8221;][\/vc_column][\/vc_row][\/vc_section][vc_section el_class=&#8221;servizi-mobile&#8221;][vc_row full_width=&#8221;stretch_row&#8221; bg_type=&#8221;image&#8221; parallax_style=&#8221;vcpb-vz-jquery&#8221; bg_image_new=&#8221;id^2365|url^https:\/\/www.hotelamerican.it\/wp-content\/uploads\/2020\/08\/2.jpg|caption^null|alt^null|title^2|description^null&#8221; bg_image_repeat=&#8221;no-repeat&#8221; disable_on_mobile_img_parallax=&#8221;disable_on_mobile_img_parallax_value&#8221; css=&#8221;.vc_custom_1598571201975{padding-top: 40px !important;padding-bottom: 40px !important;}&#8221;][vc_column][vc_empty_space height=&#8221;600px&#8221; el_class=&#8221;show-must-go-on&#8221;][\/vc_column][\/vc_row][\/vc_section][vc_row css=&#8221;.vc_custom_1594935818484{padding-top: 20px !important;padding-bottom: 40px !important;}&#8221;][vc_column width=&#8221;1\/6&#8243;][\/vc_column][vc_column width=&#8221;2\/3&#8243;][vc_column_text]<\/p>\n<h3 style=\"text-align: center;\">ABSEITS DER MASSEN, IM VIERTEL DER KUNST, DEM DORSODURO \u2013 DAS AUTHENTISCHSTE UND LICHTDURCHFLUTESTE VIERTEL IM ZENTRUM VENEDIGS- ERHEBT SICH UNSER AMERICAN DINESEN, EIN EDELES UND EINLADENDES HOTEL ZUM WOHLF\u00fcHLEN.<\/h3>\n<p>[\/vc_column_text][vc_column_text]<\/p>\n<p style=\"text-align: center;\">Tradition, Design und Eleganz: unsere langj\u00e4hrige Erfahrung in der Welt des Gastgewerbes Venedigs basiert auf diesen drei Werten.<br \/>\nAus diesem Grund gelingt es dem American Dinesen das Konzept des einfachen Hotels hinter sich zu lassen, um das Wohlbefinden des Gastes an erste Stelle zu setzen und dabei die grosse Leidenschaft f\u00fcr das Gastgewerbe auf hohem Niveau zu \u00fcbermitteln, welche die Familie Sutera seit mehreren Generationen in der Leitung ihres Hotels charakterisiert.<\/p>\n<p>[\/vc_column_text][\/vc_column][vc_column width=&#8221;1\/6&#8243;][\/vc_column][\/vc_row][vc_row full_width=&#8221;stretch_row&#8221; bg_type=&#8221;bg_color&#8221; css=&#8221;.vc_custom_1594936014312{padding-top: 40px !important;padding-bottom: 40px !important;background-position: center !important;background-repeat: no-repeat !important;background-size: cover !important;}&#8221; bg_color_value=&#8221;#f3eee7&#8243;][vc_column][vc_column_text]<\/p>\n<h2 style=\"text-align: center;\">SEIT DEN 30er JAHREN<\/h2>\n<p>[\/vc_column_text][vc_single_image image=&#8221;1718&#8243; img_size=&#8221;full&#8221; alignment=&#8221;center&#8221; lazy_loading=&#8221;true&#8221;][vc_row_inner][vc_column_inner width=&#8221;1\/6&#8243;][\/vc_column_inner][vc_column_inner width=&#8221;2\/3&#8243;][vc_column_text]<\/p>\n<p style=\"text-align: center;\">Das American Dinesen beherbergt in sich eine fast hundertj\u00e4hrige Geschichte aus Leidenschaft und Hingabe f\u00fcr das Gastgewerbe. Eine Aufeinanderfolge von Ereignissen und Entwicklungen, die ihren Beginn in den 30er Jahren fanden, haben dazu beigetragen, unser Hotel bis zum heutigen Tag zu einer einmaligen und innovativen Struktur im venezianischen Panorama zu machen.<\/p>\n<p>[\/vc_column_text][\/vc_column_inner][vc_column_inner width=&#8221;1\/6&#8243;][\/vc_column_inner][\/vc_row_inner][vc_raw_html]PGRpdiBpZD0ibWFyY2hpby1hYm91dCIgc3R5bGU9InBvc2l0aW9uOmFic29sdXRlOyBiYWNrZ3JvdW5kOiB1cmwoJ2h0dHBzOi8vd3d3LmhvdGVsYW1lcmljYW4uaXQvd3AtY29udGVudC91cGxvYWRzLzIwMjAvMDgvbWFyY2hpb190YWdsaWF0by5wbmcnKSBuby1yZXBlYXQ7IHdpZHRoOiAyMDBweDsgaGVpZ2h0OiAyMDBweDsgei1pbmRleDoyMDAwOyByaWdodDogOTZweDsgdG9wOjBweDsiPsKgPC9kaXY+[\/vc_raw_html][\/vc_column][\/vc_row][vc_row full_width=&#8221;stretch_row&#8221; css=&#8221;.vc_custom_1594936125933{padding-top: 40px !important;padding-bottom: 40px !important;background-position: center !important;background-repeat: no-repeat !important;background-size: cover !important;}&#8221;][vc_column][vc_column_text]<\/p>\n<h2 style=\"text-align: center;\">IM HERZEN DER STADT ZWISCHEN KUNST UND GESCHICHTE<\/h2>\n<p>[\/vc_column_text][vc_single_image image=&#8221;1726&#8243; img_size=&#8221;1100&#215;580&#8243; alignment=&#8221;center&#8221; lazy_loading=&#8221;true&#8221;][vc_row_inner][vc_column_inner width=&#8221;1\/6&#8243;][\/vc_column_inner][vc_column_inner width=&#8221;2\/3&#8243;][vc_column_text]<\/p>\n<p style=\"text-align: center;\">Unser Hotel wird Sie mit seiner exklusiven Lage im wundervollen Viertel von Dorsoduro \u00fcberraschen. Abseits massiver Touristenstr\u00f6me und trotzdem strategisch gelegen f\u00fcr diejenigen, die die ber\u00fchmtesten Orte Venedigs besuchen m\u00f6chten, besonders im Bereich der Kunst<br \/>\nSo liegt das American Dinesen zwischen den Gallerie dell\u2019Accademia di Belle Arti und der Peggy Guggenheim Collection, wenige Schritte entfernt vom Canal Grande und einige Minuten Fu\u00dfmarsch von den wesentlichen Anziehungspunkten der Stadt wie Piazza San Marco, Ponte di Rialto, Ca\u2019Rezzonico, Palazzo Grassi und Punta della Dogana.<\/p>\n<p style=\"text-align: center;\">So liegt das American Dinesen zwischen den Gallerie dell\u2019Accademia di Belle Arti und der Peggy Guggenheim Collection, wenige Schritte entfernt vom Canal Grande und einige Minuten Fu\u00dfmarsch von den wesentlichen Anziehungspunkten der Stadt wie Piazza San Marco, Ponte di Rialto, Ca\u2019Rezzonico, Palazzo Grassi und Punta della Dogana.<\/p>\n<p>[\/vc_column_text][\/vc_column_inner][vc_column_inner width=&#8221;1\/6&#8243;][\/vc_column_inner][\/vc_row_inner][vc_empty_space]<style type=\"text\/css\" data-type=\"the7_shortcodes-inline-css\">#default-btn-e11ee06f7c533db370e9f32de2b97e98.ico-right-side > i {\n  margin-right: 0px;\n  margin-left: 8px;\n}\n#default-btn-e11ee06f7c533db370e9f32de2b97e98 > i {\n  margin-right: 8px;\n}\n#default-btn-e11ee06f7c533db370e9f32de2b97e98 * {\n  vertical-align: middle;\n}\n<\/style><div class=\"btn-align-center\"><a href=\"https:\/\/www.hotelamerican.it\/de\/kontakte\/\" class=\"default-btn-shortcode dt-btn dt-btn-m link-hover-off \" id=\"default-btn-e11ee06f7c533db370e9f32de2b97e98\" title=\"Contatti\"><span>WIE KOMMT MAN<\/span><\/a><\/div>[\/vc_column][\/vc_row][vc_row full_width=&#8221;stretch_row&#8221; css=&#8221;.vc_custom_1598571319488{border-top-width: 1px !important;padding-top: 40px !important;padding-bottom: 40px !important;border-top-color: #002931 !important;border-top-style: solid !important;}&#8221; el_class=&#8221;red-xiii&#8221;][vc_column][vc_column_text]<\/p>\n<h2 style=\"text-align: center;\">IHRE REZENSIONEN<\/h2>\n<p>[\/vc_column_text][vc_row_inner][vc_column_inner width=&#8221;1\/2&#8243;][vc_single_image image=&#8221;1734&#8243; img_size=&#8221;large&#8221; alignment=&#8221;center&#8221; lazy_loading=&#8221;true&#8221;][vc_column_text]<\/p>\n<h5>GEMALT VON GINDA SIMPSON, UNSEREM BETROFFENEN KUNDEN<\/h5>\n<p>[\/vc_column_text][\/vc_column_inner][vc_column_inner width=&#8221;1\/2&#8243;][vc_column_text]Wir k\u00fcmmern uns um unsere G\u00e4ste von der Ankunft bis zum Ende ihres Aufenthaltes. Darum entscheidet sich der Gro\u00dfteil von ihnen seit Jahren immer wieder f\u00fcr uns.<br \/>\nF\u00fcr uns ist Pflege des Details grundlegend, doch den Unterschied macht unsere Aufmerksamkeit Ihrer W\u00fcnsche gegen\u00fcber, die Ihren Aufenthalt unvergesslich zu machen sucht.[\/vc_column_text][vc_empty_space][vc_column_text]\n\t\t\t\t<p><span style=\"font-family:'SackersGothicStd-Medium', sans-serif;\">5608<\/span>&nbsp;&nbsp;Bewertungen<\/p>\n\t\t<p><span style=\"font-family:'SackersGothicStd-Medium', sans-serif;\">9,3\/10<\/span>&nbsp;&nbsp;Durchschnittliche Bewertung<\/p>\n\t\n\t\n\t[\/vc_column_text][vc_empty_space]<style type=\"text\/css\" data-type=\"the7_shortcodes-inline-css\">#default-btn-b36d46783aab05b460ad2442be3f4b03.ico-right-side > i {\n  margin-right: 0px;\n  margin-left: 8px;\n}\n#default-btn-b36d46783aab05b460ad2442be3f4b03 > i {\n  margin-right: 8px;\n}\n#default-btn-b36d46783aab05b460ad2442be3f4b03 * {\n  vertical-align: middle;\n}\n<\/style><div class=\"btn-align-left\"><a href=\"https:\/\/www.hotelamerican.it\/de\/bewertungen\/\" class=\"default-btn-shortcode dt-btn dt-btn-m link-hover-off \" id=\"default-btn-b36d46783aab05b460ad2442be3f4b03\" title=\"Recensioni\"><span>NEUESTE BEWERTUNGEN<\/span><\/a><\/div>[\/vc_column_inner][\/vc_row_inner][\/vc_column][\/vc_row][vc_row full_width=&#8221;stretch_row&#8221; css=&#8221;.vc_custom_1594734549524{padding-top: 40px !important;padding-bottom: 40px !important;background-color: #879c95 !important;}&#8221;][vc_column][vc_widget_sidebar show_bg=&#8221;false&#8221; sidebar_id=&#8221;sidebar_4&#8243;][\/vc_column][\/vc_row]<\/p>\n","protected":false},"excerpt":{"rendered":"<p>[vc_section el_class=&#8221;servizi-desktop&#8221;][vc_row full_width=&#8221;stretch_row&#8221; bg_type=&#8221;image&#8221; parallax_style=&#8221;vcpb-vz-jquery&#8221; bg_image_new=&#8221;id^1703|url^https:\/\/www.hotelamerican.it\/wp-content\/uploads\/2020\/07\/AmericanDinesen.Banner.jpg|caption^null|alt^null|title^AmericanDinesen.Banner|description^null&#8221; bg_image_repeat=&#8221;no-repeat&#8221; disable_on_mobile_img_parallax=&#8221;disable_on_mobile_img_parallax_value&#8221; css=&#8221;.vc_custom_1594935809515{padding-top: 40px !important;padding-bottom: 40px !important;}&#8221;][vc_column][vc_empty_space height=&#8221;700px&#8221; el_class=&#8221;show-must-go-on&#8221;][\/vc_column][\/vc_row][\/vc_section][vc_section el_class=&#8221;servizi-mobile&#8221;][vc_row full_width=&#8221;stretch_row&#8221; bg_type=&#8221;image&#8221; parallax_style=&#8221;vcpb-vz-jquery&#8221; bg_image_new=&#8221;id^2365|url^https:\/\/www.hotelamerican.it\/wp-content\/uploads\/2020\/08\/2.jpg|caption^null|alt^null|title^2|description^null&#8221; bg_image_repeat=&#8221;no-repeat&#8221; disable_on_mobile_img_parallax=&#8221;disable_on_mobile_img_parallax_value&#8221; css=&#8221;.vc_custom_1598571201975{padding-top: 40px !important;padding-bottom: 40px !important;}&#8221;][vc_column][vc_empty_space height=&#8221;600px&#8221; el_class=&#8221;show-must-go-on&#8221;][\/vc_column][\/vc_row][\/vc_section][vc_row css=&#8221;.vc_custom_1594935818484{padding-top: 20px !important;padding-bottom: 40px !important;}&#8221;][vc_column width=&#8221;1\/6&#8243;][\/vc_column][vc_column width=&#8221;2\/3&#8243;][vc_column_text] ABSEITS DER MASSEN, IM VIERTEL DER KUNST, DEM DORSODURO \u2013 DAS AUTHENTISCHSTE UND LICHTDURCHFLUTESTE VIERTEL IM ZENTRUM VENEDIGS- ERHEBT&hellip;<\/p>\n","protected":false},"author":1,"featured_media":0,"parent":0,"menu_order":0,"comment_status":"closed","ping_status":"closed","template":"","meta":[],"class_list":["post-3336","page","type-page","status-publish","hentry","description-off"],"aioseo_notices":[],"_links":{"self":[{"href":"https:\/\/www.hotelamerican.it\/de\/wp-json\/wp\/v2\/pages\/3336","targetHints":{"allow":["GET"]}}],"collection":[{"href":"https:\/\/www.hotelamerican.it\/de\/wp-json\/wp\/v2\/pages"}],"about":[{"href":"https:\/\/www.hotelamerican.it\/de\/wp-json\/wp\/v2\/types\/page"}],"author":[{"embeddable":true,"href":"https:\/\/www.hotelamerican.it\/de\/wp-json\/wp\/v2\/users\/1"}],"replies":[{"embeddable":true,"href":"https:\/\/www.hotelamerican.it\/de\/wp-json\/wp\/v2\/comments?post=3336"}],"version-history":[{"count":3,"href":"https:\/\/www.hotelamerican.it\/de\/wp-json\/wp\/v2\/pages\/3336\/revisions"}],"predecessor-version":[{"id":3351,"href":"https:\/\/www.hotelamerican.it\/de\/wp-json\/wp\/v2\/pages\/3336\/revisions\/3351"}],"wp:attachment":[{"href":"https:\/\/www.hotelamerican.it\/de\/wp-json\/wp\/v2\/media?parent=3336"}],"curies":[{"name":"wp","href":"https:\/\/api.w.org\/{rel}","templated":true}]}}